{"id":2,"date":"2025-11-12T08:02:36","date_gmt":"2025-11-12T06:02:36","guid":{"rendered":"https:\/\/hereandthere.fi\/?page_id=2"},"modified":"2025-11-18T13:55:31","modified_gmt":"2025-11-18T11:55:31","slug":"esimerkkisivu","status":"publish","type":"page","link":"https:\/\/hereandthere.fi\/?page_id=2","title":{"rendered":"About&#8230;"},"content":{"rendered":"\n<blockquote class=\"wp-block-quote is-layout-flow wp-block-quote-is-layout-flow\">\n<p>Heippa! Ja l\u00e4mpim\u00e4sti tervetuloa, kiva kun l\u00f6ysit blogiini. Nimeni on Katri ja perheeseeni kuuluu lis\u00e4kseni mieheni ja kaksi koiraamme, Unto ja Hilda. Blogissa kirjoittelen seikkailuistamme Sveitsiss\u00e4 ja Suomessa sek\u00e4 ihan tavallisesta rauhallisesta arjesta.<\/p>\n<\/blockquote>\n\n\n\n<p>&#8230;<\/p>\n\n\n\n<p><\/p>\n","protected":false},"excerpt":{"rendered":"<p>Heippa! Ja l\u00e4mpim\u00e4sti tervetuloa, kiva kun l\u00f6ysit blogiini. Nimeni on Katri ja perheeseeni kuuluu lis\u00e4kseni mieheni ja kaksi koiraamme, Unto ja Hilda. Blogissa kirjoittelen seikkailuistamme Sveitsiss\u00e4 ja Suomessa sek\u00e4 ihan tavallisesta rauhallisesta arjesta. &#8230;<\/p>\n","protected":false},"author":1,"featured_media":0,"parent":0,"menu_order":0,"comment_status":"closed","ping_status":"open","template":"","meta":{"footnotes":""},"class_list":["post-2","page","type-page","status-publish","hentry"],"_links":{"self":[{"href":"https:\/\/hereandthere.fi\/index.php?rest_route=\/wp\/v2\/pages\/2","targetHints":{"allow":["GET"]}}],"collection":[{"href":"https:\/\/hereandthere.fi\/index.php?rest_route=\/wp\/v2\/pages"}],"about":[{"href":"https:\/\/hereandthere.fi\/index.php?rest_route=\/wp\/v2\/types\/page"}],"author":[{"embeddable":true,"href":"https:\/\/hereandthere.fi\/index.php?rest_route=\/wp\/v2\/users\/1"}],"replies":[{"embeddable":true,"href":"https:\/\/hereandthere.fi\/index.php?rest_route=%2Fwp%2Fv2%2Fcomments&post=2"}],"version-history":[{"count":2,"href":"https:\/\/hereandthere.fi\/index.php?rest_route=\/wp\/v2\/pages\/2\/revisions"}],"predecessor-version":[{"id":154,"href":"https:\/\/hereandthere.fi\/index.php?rest_route=\/wp\/v2\/pages\/2\/revisions\/154"}],"wp:attachment":[{"href":"https:\/\/hereandthere.fi\/index.php?rest_route=%2Fwp%2Fv2%2Fmedia&parent=2"}],"curies":[{"name":"wp","href":"https:\/\/api.w.org\/{rel}","templated":true}]}}